{"id":64,"date":"2024-06-26T13:47:40","date_gmt":"2024-06-26T11:47:40","guid":{"rendered":"https:\/\/graph2print.com\/?page_id=64"},"modified":"2024-06-27T08:00:10","modified_gmt":"2024-06-27T06:00:10","slug":"nos-realisations","status":"publish","type":"page","link":"https:\/\/graph2print.com\/index.php\/nos-realisations\/","title":{"rendered":"Nos r\u00e9alisations"},"content":{"rendered":"\n<h2 class=\"wp-block-heading\"><strong>R\u00e9alisation d&rsquo;un translite alternative pour le flipper RAVEN \u00e0 la demande d&rsquo;un client.<\/strong><\/h2>\n\n\n\n<div class=\"wp-block-columns is-layout-flex wp-container-core-columns-is-layout-1 wp-block-columns-is-layout-flex\">\n<div class=\"wp-block-column is-layout-flow wp-block-column-is-layout-flow\">\n<figure class=\"wp-block-image size-full\"><img loading=\"lazy\" decoding=\"async\" width=\"1024\" height=\"870\" src=\"http:\/\/graph2print.com\/wp-content\/uploads\/2024\/06\/image-19-1.jpg\" alt=\"\" class=\"wp-image-88\" srcset=\"https:\/\/graph2print.com\/wp-content\/uploads\/2024\/06\/image-19-1.jpg 1024w, https:\/\/graph2print.com\/wp-content\/uploads\/2024\/06\/image-19-1-300x255.jpg 300w, https:\/\/graph2print.com\/wp-content\/uploads\/2024\/06\/image-19-1-768x653.jpg 768w\" sizes=\"(max-width: 1024px) 100vw, 1024px\" \/><\/figure>\n\n\n\n<p style=\"font-size:14px\"><strong>Translite original <\/strong><br>Premier Technology 1986 <\/p>\n<\/div>\n\n\n\n<div class=\"wp-block-column is-layout-flow wp-block-column-is-layout-flow\">\n<div style=\"height:100px\" aria-hidden=\"true\" class=\"wp-block-spacer\"><\/div>\n\n\n\n<p style=\"font-size:14px\"><strong>Translite alternatif <\/strong><br>R\u00e9alis\u00e9 dans nos ateliers <\/p>\n\n\n\n<figure class=\"wp-block-image size-large\"><img loading=\"lazy\" decoding=\"async\" width=\"1024\" height=\"819\" src=\"http:\/\/graph2print.com\/wp-content\/uploads\/2024\/06\/Callisto_Raven-alternative-translite-1024x819.jpg\" alt=\"\" class=\"wp-image-81\" srcset=\"https:\/\/graph2print.com\/wp-content\/uploads\/2024\/06\/Callisto_Raven-alternative-translite-1024x819.jpg 1024w, https:\/\/graph2print.com\/wp-content\/uploads\/2024\/06\/Callisto_Raven-alternative-translite-300x240.jpg 300w, https:\/\/graph2print.com\/wp-content\/uploads\/2024\/06\/Callisto_Raven-alternative-translite-768x614.jpg 768w, https:\/\/graph2print.com\/wp-content\/uploads\/2024\/06\/Callisto_Raven-alternative-translite-1536x1228.jpg 1536w, https:\/\/graph2print.com\/wp-content\/uploads\/2024\/06\/Callisto_Raven-alternative-translite.jpg 1794w\" sizes=\"(max-width: 1024px) 100vw, 1024px\" \/><\/figure>\n<\/div>\n<\/div>\n\n\n\n<p><\/p>\n\n\n\n<p><a href=\"https:\/\/callistoarts.com\/adobe-live-october-2022\/\"><\/a><a href=\"https:\/\/callistoarts.com\/photo-givry-en-argonne\/\"><\/a><\/p>\n","protected":false},"excerpt":{"rendered":"<p>R\u00e9alisation d&rsquo;un translite alternative pour le flipper RAVEN \u00e0 la demande d&rsquo;un client. Translite original Premier Technology 1986 Translite alternatif R\u00e9alis\u00e9 dans nos ateliers<\/p>\n","protected":false},"author":1,"featured_media":0,"parent":0,"menu_order":95,"comment_status":"closed","ping_status":"closed","template":"page-template\/custom-home-page.php","meta":{"footnotes":""},"_links":{"self":[{"href":"https:\/\/graph2print.com\/index.php\/wp-json\/wp\/v2\/pages\/64"}],"collection":[{"href":"https:\/\/graph2print.com\/index.php\/wp-json\/wp\/v2\/pages"}],"about":[{"href":"https:\/\/graph2print.com\/index.php\/wp-json\/wp\/v2\/types\/page"}],"author":[{"embeddable":true,"href":"https:\/\/graph2print.com\/index.php\/wp-json\/wp\/v2\/users\/1"}],"replies":[{"embeddable":true,"href":"https:\/\/graph2print.com\/index.php\/wp-json\/wp\/v2\/comments?post=64"}],"version-history":[{"count":15,"href":"https:\/\/graph2print.com\/index.php\/wp-json\/wp\/v2\/pages\/64\/revisions"}],"predecessor-version":[{"id":183,"href":"https:\/\/graph2print.com\/index.php\/wp-json\/wp\/v2\/pages\/64\/revisions\/183"}],"wp:attachment":[{"href":"https:\/\/graph2print.com\/index.php\/wp-json\/wp\/v2\/media?parent=64"}],"curies":[{"name":"wp","href":"https:\/\/api.w.org\/{rel}","templated":true}]}}