{"id":60,"date":"2024-06-26T13:43:43","date_gmt":"2024-06-26T11:43:43","guid":{"rendered":"https:\/\/graph2print.com\/?page_id=60"},"modified":"2025-10-29T18:34:22","modified_gmt":"2025-10-29T17:34:22","slug":"nos-services","status":"publish","type":"page","link":"https:\/\/graph2print.com\/index.php\/nos-services\/","title":{"rendered":"Nos services"},"content":{"rendered":"\n<p>Bienvenue sur notre site, le partenaire id\u00e9al pour r\u00e9v\u00e9ler la puissance de votre marque et dynamiser votre pr\u00e9sence digitale. Nous vous accompagnons \u00e0 chaque \u00e9tape, de la cr\u00e9ation de votre identit\u00e9 visuelle \u00e0 la conception de votre site internet, en passant par le d\u00e9veloppement de solutions marketing et la r\u00e9alisation de supports imprim\u00e9s sur mesure. D\u00e9couvrez nos services innovants, pens\u00e9s pour offrir \u00e0 votre entreprise une visibilit\u00e9 optimale et une exp\u00e9rience unique \u00e0 vos clients.<\/p>\n\n\n\n<h2 class=\"wp-block-heading\">Site internet<\/h2>\n\n\n\n<p>Nous concevons des sites adapt\u00e9s \u00e0 vos besoins, alliant esth\u00e9tique, performance et simplicit\u00e9 d\u2019utilisation.<\/p>\n\n\n\n<ul>\n<li><strong>Site vitrine<\/strong>&nbsp;: id\u00e9al pour pr\u00e9senter votre activit\u00e9 et d\u00e9velopper votre pr\u00e9sence en ligne.<\/li>\n\n\n\n<li><strong>Site dynamique<\/strong>&nbsp;: un site interactif et \u00e9volutif pour animer votre contenu et engager votre audience.<\/li>\n\n\n\n<li><strong>Site e-commerce<\/strong>&nbsp;: une boutique en ligne compl\u00e8te, intuitive et s\u00e9curis\u00e9e pour vendre vos produits efficacement.<\/li>\n<\/ul>\n\n\n\n<h2 class=\"wp-block-heading\">Service cr\u00e9atif<\/h2>\n\n\n\n<p>Nous donnons vie \u00e0 votre identit\u00e9 de marque avec des cr\u00e9ations originales et coh\u00e9rentes.<\/p>\n\n\n\n<ul>\n<li><strong>Identit\u00e9 visuelle<\/strong>&nbsp;: logo, slogan, charte graphique et \u00e9l\u00e9ments de branding.<\/li>\n\n\n\n<li><strong>Storytelling<\/strong>&nbsp;: mise en valeur de l\u2019histoire et des valeurs de votre marque.<\/li>\n\n\n\n<li><strong>UI Design<\/strong>&nbsp;: conception visuelle et ergonomie du site pour une navigation fluide.<\/li>\n\n\n\n<li><strong>UX Design<\/strong>&nbsp;: organisation et structuration du contenu pour une exp\u00e9rience optimale.<\/li>\n\n\n\n<li><strong>Production cr\u00e9ative<\/strong>&nbsp;: r\u00e9alisation de vid\u00e9os, animations, ou visuels sur mesure.<\/li>\n<\/ul>\n\n\n\n<h2 class=\"wp-block-heading\">Marketing<\/h2>\n\n\n\n<p>Nous accompagnons votre croissance avec une strat\u00e9gie marketing adapt\u00e9e.<\/p>\n\n\n\n<ul>\n<li><strong>Marketing digital<\/strong>&nbsp;: gestion et promotion de votre site internet.<\/li>\n\n\n\n<li><strong>SEO &amp; R\u00e9f\u00e9rencement<\/strong>&nbsp;: optimisation pour une meilleure visibilit\u00e9 sur les moteurs de recherche.<\/li>\n\n\n\n<li><strong>R\u00e9seaux sociaux<\/strong>&nbsp;: cr\u00e9ation, animation et gestion de vos pages professionnelles.<\/li>\n\n\n\n<li><strong>Fiche Google &amp; Ads<\/strong>&nbsp;: optimisation et campagnes publicitaires cibl\u00e9es.<\/li>\n<\/ul>\n\n\n\n<h2 class=\"wp-block-heading\">Print<\/h2>\n\n\n\n<p>Nous d\u00e9clinons votre image sur tous les supports physiques.<\/p>\n\n\n\n<ul>\n<li><strong>Supports de communication<\/strong>&nbsp;: cartes de visite, flyers, brochures, d\u00e9pliants.<\/li>\n\n\n\n<li><strong>Print grand format<\/strong>&nbsp;: affiches, b\u00e2ches, panneaux et impressions num\u00e9riques de haute qualit\u00e9.<\/li>\n<\/ul>\n\n\n\n<p>Et nos autres services \ud83d\ude42 <\/p>\n","protected":false},"excerpt":{"rendered":"<p>Bienvenue sur notre site, le partenaire id\u00e9al pour r\u00e9v\u00e9ler la puissance de votre marque et dynamiser votre pr\u00e9sence digitale. Nous vous accompagnons \u00e0 chaque \u00e9tape, de la cr\u00e9ation de votre identit\u00e9 visuelle \u00e0 la conception de votre site internet, en passant par le d\u00e9veloppement de solutions marketing et la r\u00e9alisation de supports imprim\u00e9s sur mesure. [&hellip;]<\/p>\n","protected":false},"author":1,"featured_media":0,"parent":0,"menu_order":20,"comment_status":"closed","ping_status":"closed","template":"","meta":{"footnotes":""},"_links":{"self":[{"href":"https:\/\/graph2print.com\/index.php\/wp-json\/wp\/v2\/pages\/60"}],"collection":[{"href":"https:\/\/graph2print.com\/index.php\/wp-json\/wp\/v2\/pages"}],"about":[{"href":"https:\/\/graph2print.com\/index.php\/wp-json\/wp\/v2\/types\/page"}],"author":[{"embeddable":true,"href":"https:\/\/graph2print.com\/index.php\/wp-json\/wp\/v2\/users\/1"}],"replies":[{"embeddable":true,"href":"https:\/\/graph2print.com\/index.php\/wp-json\/wp\/v2\/comments?post=60"}],"version-history":[{"count":5,"href":"https:\/\/graph2print.com\/index.php\/wp-json\/wp\/v2\/pages\/60\/revisions"}],"predecessor-version":[{"id":211,"href":"https:\/\/graph2print.com\/index.php\/wp-json\/wp\/v2\/pages\/60\/revisions\/211"}],"wp:attachment":[{"href":"https:\/\/graph2print.com\/index.php\/wp-json\/wp\/v2\/media?parent=60"}],"curies":[{"name":"wp","href":"https:\/\/api.w.org\/{rel}","templated":true}]}}