{"id":39,"date":"2024-06-26T13:28:27","date_gmt":"2024-06-26T11:28:27","guid":{"rendered":"https:\/\/graph2print.com\/?page_id=39"},"modified":"2025-10-29T18:32:21","modified_gmt":"2025-10-29T17:32:21","slug":"graphisme","status":"publish","type":"page","link":"https:\/\/graph2print.com\/index.php\/nos-services\/graphisme\/","title":{"rendered":"Service cr\u00e9atif"},"content":{"rendered":"\n<h2 class=\"wp-block-heading\">Donnez vie \u00e0 votre identit\u00e9 de marque<\/h2>\n\n\n\n<p>Chez nous, la cr\u00e9ativit\u00e9 est au c\u0153ur de chaque projet. Nous vous aidons \u00e0 b\u00e2tir une image forte et coh\u00e9rente qui saura s\u00e9duire vos clients et marquer les esprits.<\/p>\n\n\n\n<h2 class=\"wp-block-heading\">Nos prestations cr\u00e9atives<\/h2>\n\n\n\n<ul>\n<li><strong>Identit\u00e9 visuelle<\/strong><br>Cr\u00e9ation de votre logo, slogan et charte graphique pour une identit\u00e9 unique et reconnaissable.<\/li>\n\n\n\n<li><strong>Storytelling<\/strong><br>Nous racontons l\u2019histoire de votre marque, ses valeurs et son univers, pour cr\u00e9er un lien authentique avec votre audience.<\/li>\n\n\n\n<li><strong>UI Design (Interface Utilisateur)<\/strong><br>Conception de l\u2019agencement visuel de votre site internet, en choisissant des images et une mise en page qui refl\u00e8tent l\u2019esprit de votre marque.<\/li>\n\n\n\n<li><strong>UX Design (Exp\u00e9rience Utilisateur)<\/strong><br>Organisation et cr\u00e9ation du contenu pour que chaque visiteur b\u00e9n\u00e9ficie d\u2019une navigation intuitive et engageante.<\/li>\n\n\n\n<li><strong>Production cr\u00e9ative<\/strong><br>R\u00e9alisation de contenus multim\u00e9dias sur mesure : vid\u00e9os, animations, films d\u2019entreprise, et toute autre demande sp\u00e9cifique pour dynamiser votre communication.<\/li>\n<\/ul>\n\n\n\n<h2 class=\"wp-block-heading\">Pourquoi choisir notre service cr\u00e9atif ?<\/h2>\n\n\n\n<ul>\n<li>Une approche personnalis\u00e9e adapt\u00e9e \u00e0 votre secteur et \u00e0 votre client\u00e8le.<\/li>\n\n\n\n<li>Une \u00e9quipe passionn\u00e9e qui combine savoir-faire technique et sens artistique.<\/li>\n\n\n\n<li>Des solutions innovantes pour vous d\u00e9marquer dans un march\u00e9 concurrentiel.<\/li>\n\n\n\n<li><\/li>\n<\/ul>\n\n\n\n<h4 class=\"wp-block-heading\">Pourquoi Choisir Graph2print ?<\/h4>\n\n\n\n<p>Chez Graph2print, nous croyons que chaque projet est unique. Notre approche personnalis\u00e9e et notre expertise en design nous permettent de fournir des cr\u00e9ations visuelles qui r\u00e9pondent parfaitement \u00e0 vos besoins. Nous nous engageons \u00e0 d\u00e9passer vos attentes en mati\u00e8re de qualit\u00e9 et d\u2019impact visuel. De la cr\u00e9ation de logos percutants \u00e0 des flyers attractifs en passant par des chartes graphiques harmonieuses, nous sommes votre partenaire de confiance pour toutes vos solutions d\u2019impression.<\/p>\n\n\n\n<p><strong>Pr\u00eat \u00e0 donner vie \u00e0 vos id\u00e9es ? <a href=\"https:\/\/graph2print.com\/index.php\/contactez-nous\/\" data-type=\"page\" data-id=\"116\">Contactez-nous<\/a> d\u00e8s aujourd\u2019hui et d\u00e9couvrez comment nous pouvons transformer votre vision en r\u00e9alit\u00e9 imprim\u00e9e.<\/strong><\/p>\n","protected":false},"excerpt":{"rendered":"<p>Donnez vie \u00e0 votre identit\u00e9 de marque Chez nous, la cr\u00e9ativit\u00e9 est au c\u0153ur de chaque projet. Nous vous aidons \u00e0 b\u00e2tir une image forte et coh\u00e9rente qui saura s\u00e9duire vos clients et marquer les esprits. Nos prestations cr\u00e9atives Pourquoi choisir notre service cr\u00e9atif ? Pourquoi Choisir Graph2print ? Chez Graph2print, nous croyons que chaque [&hellip;]<\/p>\n","protected":false},"author":1,"featured_media":0,"parent":60,"menu_order":2,"comment_status":"closed","ping_status":"closed","template":"page-template\/custom-home-page.php","meta":{"footnotes":""},"_links":{"self":[{"href":"https:\/\/graph2print.com\/index.php\/wp-json\/wp\/v2\/pages\/39"}],"collection":[{"href":"https:\/\/graph2print.com\/index.php\/wp-json\/wp\/v2\/pages"}],"about":[{"href":"https:\/\/graph2print.com\/index.php\/wp-json\/wp\/v2\/types\/page"}],"author":[{"embeddable":true,"href":"https:\/\/graph2print.com\/index.php\/wp-json\/wp\/v2\/users\/1"}],"replies":[{"embeddable":true,"href":"https:\/\/graph2print.com\/index.php\/wp-json\/wp\/v2\/comments?post=39"}],"version-history":[{"count":8,"href":"https:\/\/graph2print.com\/index.php\/wp-json\/wp\/v2\/pages\/39\/revisions"}],"predecessor-version":[{"id":205,"href":"https:\/\/graph2print.com\/index.php\/wp-json\/wp\/v2\/pages\/39\/revisions\/205"}],"up":[{"embeddable":true,"href":"https:\/\/graph2print.com\/index.php\/wp-json\/wp\/v2\/pages\/60"}],"wp:attachment":[{"href":"https:\/\/graph2print.com\/index.php\/wp-json\/wp\/v2\/media?parent=39"}],"curies":[{"name":"wp","href":"https:\/\/api.w.org\/{rel}","templated":true}]}}