{"id":22,"date":"2024-06-26T08:32:39","date_gmt":"2024-06-26T06:32:39","guid":{"rendered":"https:\/\/graph2print.com\/index.php\/home\/"},"modified":"2025-10-29T18:38:24","modified_gmt":"2025-10-29T17:38:24","slug":"home","status":"publish","type":"page","link":"https:\/\/graph2print.com\/","title":{"rendered":"Accueil"},"content":{"rendered":"\n<p>Vous avez un projet ? Nous sommes l\u00e0 pour le concr\u00e9tiser. Chez Graph 2 print, nous transformons vos id\u00e9es en r\u00e9alisations tangibles avec une qualit\u00e9 exceptionnelle. De la conception \u00e0 l&rsquo;impression, notre \u00e9quipe de cr\u00e9atifs et de techniciens s&rsquo;engage \u00e0 donner vie \u00e0 vos projets. Explorez nos services et contactez-nous pour d\u00e9couvrir comment nous pouvons faire de vos visions une r\u00e9alit\u00e9 imprim\u00e9e.<\/p>\n\n\n\n<h2 class=\"wp-block-heading\"><strong><mark style=\"background-color:rgba(0, 0, 0, 0)\" class=\"has-inline-color has-pale-pink-color\">D\u00e8s aujourd&rsquo;hui pour donner vie \u00e0 vos id\u00e9es !<\/mark><\/strong><\/h2>\n\n\n\n<div class=\"wp-block-columns service-section is-layout-flex wp-container-core-columns-is-layout-1 wp-block-columns-is-layout-flex\">\n<div class=\"wp-block-column service-section2 text-center is-layout-flow wp-block-column-is-layout-flow\"><div class=\"wp-block-image\">\n<figure class=\"aligncenter size-full is-resized\"><img decoding=\"async\" src=\"https:\/\/graph2print.com\/wp-content\/themes\/web-designer\/inc\/block-patterns\/images\/icon1.png\" alt=\"\" class=\"wp-image-1562\" style=\"width:57px;height:57px\"\/><\/figure><\/div>\n\n\n<h3 class=\"wp-block-heading has-medium-font-size\">Graphismes<\/h3>\n\n\n\n<p>&nbsp;logos, chartes graphiques, design perso.&nbsp;<\/p>\n\n\n\n<div class=\"wp-block-buttons is-content-justification-center is-layout-flex wp-container-core-buttons-is-layout-1 wp-block-buttons-is-layout-flex\">\n<div class=\"wp-block-button\"><a class=\"wp-block-button__link wp-element-button\" href=\"https:\/\/graph2print.com\/index.php\/nos-services\/graphisme\/\">en savoir plus <\/a><\/div>\n<\/div>\n<\/div>\n\n\n\n<div class=\"wp-block-column is-vertically-aligned-center service-section3  text-center is-layout-flow wp-block-column-is-layout-flow\"><div class=\"wp-block-image\">\n<figure class=\"aligncenter size-full\"><img decoding=\"async\" src=\"https:\/\/graph2print.com\/wp-content\/themes\/web-designer\/inc\/block-patterns\/images\/icon2.png\" alt=\"\" class=\"wp-image-1572\"\/><\/figure><\/div>\n\n\n<h3 class=\"wp-block-heading has-text-align-center has-medium-font-size\">Impressions<\/h3>\n\n\n\n<p>Stickers, b\u00e2ches, cartes de visite, poster, stickers pour automobile, &#8230; <\/p>\n\n\n\n<div class=\"wp-block-group\"><div class=\"wp-block-group__inner-container is-layout-constrained wp-block-group-is-layout-constrained\">\n<div class=\"wp-block-buttons is-content-justification-center is-layout-flex wp-container-core-buttons-is-layout-2 wp-block-buttons-is-layout-flex\">\n<div class=\"wp-block-button\"><a class=\"wp-block-button__link has-text-align-center wp-element-button\" href=\"https:\/\/graph2print.com\/index.php\/nos-services\/impressions\/\">en savoir plus <\/a><\/div>\n<\/div>\n<\/div><\/div>\n<\/div>\n\n\n\n<div class=\"wp-block-column service-section4  text-center is-layout-flow wp-block-column-is-layout-flow\"><div class=\"wp-block-image\">\n<figure class=\"aligncenter size-full\"><img decoding=\"async\" src=\"https:\/\/graph2print.com\/wp-content\/themes\/web-designer\/inc\/block-patterns\/images\/icon3.png\" alt=\"\" class=\"wp-image-1573\"\/><\/figure><\/div>\n\n\n<h3 class=\"wp-block-heading has-medium-font-size\">Autres services<\/h3>\n\n\n\n<ul>\n<li>Laminations et protections<\/li>\n\n\n\n<li>Prototypage, maquettes, pi\u00e8ces sur mesure en r\u00e9sine 3D.&nbsp;<\/li>\n\n\n\n<li>Sablage de pi\u00e8ces<\/li>\n<\/ul>\n\n\n\n<div class=\"wp-block-buttons is-content-justification-center is-layout-flex wp-container-core-buttons-is-layout-3 wp-block-buttons-is-layout-flex\">\n<div class=\"wp-block-button\"><a class=\"wp-block-button__link has-text-align-center wp-element-button\" href=\"https:\/\/graph2print.com\/index.php\/nos-services\/autres-services\/\">en savoir plus <\/a><\/div>\n<\/div>\n<\/div>\n<\/div>\n\n\n\n<div class=\"wp-block-group\"><div class=\"wp-block-group__inner-container is-layout-constrained wp-block-group-is-layout-constrained\"><\/div><\/div>\n\n\n\n<div class=\"wp-block-columns banner-section is-layout-flex wp-container-core-columns-is-layout-3 wp-block-columns-is-layout-flex\">\n<div class=\"wp-block-column is-layout-flow wp-block-column-is-layout-flow\" style=\"flex-basis:33.33%\">\n<figure class=\"wp-block-gallery has-nested-images columns-default is-cropped wp-block-gallery-1 is-layout-flex wp-block-gallery-is-layout-flex\">\n<figure class=\"wp-block-image size-large is-style-rounded\"><img loading=\"lazy\" decoding=\"async\" width=\"1024\" height=\"683\" src=\"https:\/\/graph2print.com\/wp-content\/uploads\/2024\/06\/variation-modern-technology-choice-app-sample-1024x683.jpg\" alt=\"\" class=\"wp-image-107\" srcset=\"https:\/\/graph2print.com\/wp-content\/uploads\/2024\/06\/variation-modern-technology-choice-app-sample-1024x683.jpg 1024w, https:\/\/graph2print.com\/wp-content\/uploads\/2024\/06\/variation-modern-technology-choice-app-sample-300x200.jpg 300w, https:\/\/graph2print.com\/wp-content\/uploads\/2024\/06\/variation-modern-technology-choice-app-sample-768x512.jpg 768w, https:\/\/graph2print.com\/wp-content\/uploads\/2024\/06\/variation-modern-technology-choice-app-sample-1536x1024.jpg 1536w, https:\/\/graph2print.com\/wp-content\/uploads\/2024\/06\/variation-modern-technology-choice-app-sample-2048x1365.jpg 2048w\" sizes=\"(max-width: 1024px) 100vw, 1024px\" \/><\/figure>\n<\/figure>\n<\/div>\n\n\n\n<div class=\"wp-block-column banner-section2  ps-lg-5 mx-lg-5 is-layout-flow wp-block-column-is-layout-flow\" style=\"flex-basis:66.66%\">\n<h1 class=\"wp-block-heading has-text-color\" style=\"color:#ff4f6e\">Vous avez un projet ? <\/h1>\n\n\n\n<p class=\"has-text-color\" style=\"color:#acacac;font-size:15px\">Chez Graph2print, nous transformons vos id\u00e9es en r\u00e9alisations tangibles. De la conception \u00e0 l&rsquo;impression, notre \u00e9quipe de cr\u00e9atifs et de techniciens s&rsquo;engage \u00e0 donner vie \u00e0 vos projets avec une qualit\u00e9 exceptionnelle. Contactez-nous pour d\u00e9couvrir comment nous pouvons faire de vos visions une r\u00e9alit\u00e9 imprim\u00e9e.<\/p>\n\n\n\n<div class=\"wp-block-columns ratings-section is-layout-flex wp-container-core-columns-is-layout-2 wp-block-columns-is-layout-flex\">\n<div class=\"wp-block-column number-section1 is-layout-flow wp-block-column-is-layout-flow\">\n<p><strong>489+<\/strong><\/p>\n\n\n\n<p class=\"has-text-color\" style=\"color:#acacac;font-size:15px\">Projets d\u00e9j\u00e0 r\u00e9alis\u00e9s<\/p>\n<\/div>\n\n\n\n<div class=\"wp-block-column number-section2 is-layout-flow wp-block-column-is-layout-flow\">\n<p><strong>3300<\/strong><\/p>\n\n\n\n<p class=\"has-text-color\" style=\"color:#acacac;font-size:15px\">caf\u00e9<\/p>\n<\/div>\n\n\n\n<div class=\"wp-block-column number-section3 is-layout-flow wp-block-column-is-layout-flow\">\n<p><strong>3K<\/strong><\/p>\n\n\n\n<p class=\"has-text-color\" style=\"color:#acacac;font-size:15px\">Nos clients<\/p>\n<\/div>\n<\/div>\n\n\n\n<div class=\"wp-block-buttons button1 is-horizontal is-content-justification-space-between is-layout-flex wp-container-core-buttons-is-layout-4 wp-block-buttons-is-layout-flex\">\n<div class=\"wp-block-button has-custom-font-size has-small-font-size\"><a class=\"wp-block-button__link has-white-color has-text-color has-background wp-element-button\" style=\"background-color:#ff4f6e\">contactez nous<\/a><\/div>\n<\/div>\n<\/div>\n<\/div>\n\n\n\n<ul>\n<li><\/li>\n<\/ul>\n\n\n\n<div class=\"wp-block-group alignfull has-background-color has-white-color has-black-background-color has-text-color has-background has-link-color wp-elements-43dc2312e4ae0d424d0dd0ec18583e12 is-vertical is-content-justification-stretch is-layout-flex wp-container-core-group-is-layout-5 wp-block-group-is-layout-flex\" style=\"min-height:40vh;margin-top:0;margin-bottom:0;padding-top:var(--wp--preset--spacing--60);padding-right:var(--wp--preset--spacing--40);padding-bottom:var(--wp--preset--spacing--60);padding-left:var(--wp--preset--spacing--40)\">\n<div class=\"wp-block-columns alignwide has-small-font-size is-layout-flex wp-container-core-columns-is-layout-4 wp-block-columns-is-layout-flex\">\n<div class=\"wp-block-column is-layout-flow wp-block-column-is-layout-flow\">\n<p class=\"has-text-align-center\">Adresse<\/p>\n\n\n\n<p class=\"has-text-align-center\">4 Rue des jardins <\/p>\n\n\n\n<p class=\"has-text-align-center\">51 330 GIVRY EN ARGONNE <\/p>\n\n\n\n<p><\/p>\n\n\n\n<div style=\"height:24px\" aria-hidden=\"true\" class=\"wp-block-spacer\"><\/div>\n<\/div>\n\n\n\n<div class=\"wp-block-column is-layout-flow wp-block-column-is-layout-flow\">\n<p class=\"has-text-align-center\"><\/p>\n\n\n\n<figure class=\"wp-block-image size-full\"><img loading=\"lazy\" decoding=\"async\" width=\"362\" height=\"172\" src=\"https:\/\/graph2print.com\/wp-content\/uploads\/2024\/06\/inverse.png\" alt=\"\" class=\"wp-image-102\" srcset=\"https:\/\/graph2print.com\/wp-content\/uploads\/2024\/06\/inverse.png 362w, https:\/\/graph2print.com\/wp-content\/uploads\/2024\/06\/inverse-300x143.png 300w\" sizes=\"(max-width: 362px) 100vw, 362px\" \/><\/figure>\n\n\n\n<p><\/p>\n\n\n\n<div style=\"height:24px\" aria-hidden=\"true\" class=\"wp-block-spacer\"><\/div>\n<\/div>\n\n\n\n<div class=\"wp-block-column is-layout-flow wp-block-column-is-layout-flow\">\n<p class=\"has-text-align-center\">Nous contacter <\/p>\n\n\n\n<div class=\"wp-block-group is-vertical is-content-justification-center is-layout-flex wp-container-core-group-is-layout-3 wp-block-group-is-layout-flex\">\n<p>06.73.54.03.94<\/p>\n\n\n\n<p>callisto.gfx @ gmail.com<\/p>\n\n\n\n<p>(enlevez les espaces) <\/p>\n<\/div>\n\n\n\n<div style=\"height:24px\" aria-hidden=\"true\" class=\"wp-block-spacer\"><\/div>\n<\/div>\n<\/div>\n\n\n\n<div class=\"wp-block-group alignwide is-content-justification-center is-layout-flex wp-container-core-group-is-layout-4 wp-block-group-is-layout-flex\">\n<p class=\"has-text-align-center has-small-font-size\">Proudly &#8211; Graph 2 print (c)<\/p>\n<\/div>\n<\/div>\n","protected":false},"excerpt":{"rendered":"<p>Vous avez un projet ? Nous sommes l\u00e0 pour le concr\u00e9tiser. Chez Graph 2 print, nous transformons vos id\u00e9es en r\u00e9alisations tangibles avec une qualit\u00e9 exceptionnelle. De la conception \u00e0 l&rsquo;impression, notre \u00e9quipe de cr\u00e9atifs et de techniciens s&rsquo;engage \u00e0 donner vie \u00e0 vos projets. Explorez nos services et contactez-nous pour d\u00e9couvrir comment nous pouvons [&hellip;]<\/p>\n","protected":false},"author":1,"featured_media":0,"parent":0,"menu_order":1,"comment_status":"closed","ping_status":"closed","template":"","meta":{"footnotes":""},"_links":{"self":[{"href":"https:\/\/graph2print.com\/index.php\/wp-json\/wp\/v2\/pages\/22"}],"collection":[{"href":"https:\/\/graph2print.com\/index.php\/wp-json\/wp\/v2\/pages"}],"about":[{"href":"https:\/\/graph2print.com\/index.php\/wp-json\/wp\/v2\/types\/page"}],"author":[{"embeddable":true,"href":"https:\/\/graph2print.com\/index.php\/wp-json\/wp\/v2\/users\/1"}],"replies":[{"embeddable":true,"href":"https:\/\/graph2print.com\/index.php\/wp-json\/wp\/v2\/comments?post=22"}],"version-history":[{"count":25,"href":"https:\/\/graph2print.com\/index.php\/wp-json\/wp\/v2\/pages\/22\/revisions"}],"predecessor-version":[{"id":213,"href":"https:\/\/graph2print.com\/index.php\/wp-json\/wp\/v2\/pages\/22\/revisions\/213"}],"wp:attachment":[{"href":"https:\/\/graph2print.com\/index.php\/wp-json\/wp\/v2\/media?parent=22"}],"curies":[{"name":"wp","href":"https:\/\/api.w.org\/{rel}","templated":true}]}}