{"id":2,"date":"2024-06-26T07:56:35","date_gmt":"2024-06-26T05:56:35","guid":{"rendered":"http:\/\/graph2print.com\/?page_id=2"},"modified":"2024-06-26T13:46:11","modified_gmt":"2024-06-26T11:46:11","slug":"page-d-exemple","status":"publish","type":"page","link":"https:\/\/graph2print.com\/index.php\/page-d-exemple\/","title":{"rendered":"A propos"},"content":{"rendered":"\n<h5 class=\"wp-block-heading\">PR\u00c9SENTATION DE L\u2019AGENCE&nbsp;&nbsp;<\/h5>\n\n\n\n<p>Notre agence se sp\u00e9cialise dans la communication visuelle \u00e0 travers une combinaison experte d&rsquo;impression, d&rsquo;art et de graphisme. <\/p>\n\n\n\n<p>Nous offrons une gamme compl\u00e8te de services incluant l&rsquo;impression num\u00e9rique, la cr\u00e9ation artistique et le design graphique personnalis\u00e9. <\/p>\n\n\n\n<p>Que vous recherchiez des flyers percutants, des logos distinctifs, des impressions grand format ou des solutions de signal\u00e9tique innovantes, notre \u00e9quipe d\u00e9di\u00e9e est l\u00e0 pour transformer vos id\u00e9es en r\u00e9alit\u00e9. <\/p>\n\n\n\n<p>Contactez-nous d\u00e8s aujourd&rsquo;hui pour explorer comment nous pouvons donner vie \u00e0 vos projets avec expertise et flair artistique.<\/p>\n\n\n\n<p><\/p>\n","protected":false},"excerpt":{"rendered":"<p>PR\u00c9SENTATION DE L\u2019AGENCE&nbsp;&nbsp; Notre agence se sp\u00e9cialise dans la communication visuelle \u00e0 travers une combinaison experte d&rsquo;impression, d&rsquo;art et de graphisme. Nous offrons une gamme compl\u00e8te de services incluant l&rsquo;impression num\u00e9rique, la cr\u00e9ation artistique et le design graphique personnalis\u00e9. Que vous recherchiez des flyers percutants, des logos distinctifs, des impressions grand format ou des solutions [&hellip;]<\/p>\n","protected":false},"author":1,"featured_media":0,"parent":0,"menu_order":9999,"comment_status":"closed","ping_status":"closed","template":"","meta":{"footnotes":""},"_links":{"self":[{"href":"https:\/\/graph2print.com\/index.php\/wp-json\/wp\/v2\/pages\/2"}],"collection":[{"href":"https:\/\/graph2print.com\/index.php\/wp-json\/wp\/v2\/pages"}],"about":[{"href":"https:\/\/graph2print.com\/index.php\/wp-json\/wp\/v2\/types\/page"}],"author":[{"embeddable":true,"href":"https:\/\/graph2print.com\/index.php\/wp-json\/wp\/v2\/users\/1"}],"replies":[{"embeddable":true,"href":"https:\/\/graph2print.com\/index.php\/wp-json\/wp\/v2\/comments?post=2"}],"version-history":[{"count":5,"href":"https:\/\/graph2print.com\/index.php\/wp-json\/wp\/v2\/pages\/2\/revisions"}],"predecessor-version":[{"id":37,"href":"https:\/\/graph2print.com\/index.php\/wp-json\/wp\/v2\/pages\/2\/revisions\/37"}],"wp:attachment":[{"href":"https:\/\/graph2print.com\/index.php\/wp-json\/wp\/v2\/media?parent=2"}],"curies":[{"name":"wp","href":"https:\/\/api.w.org\/{rel}","templated":true}]}}