{"id":197,"date":"2025-10-29T18:17:58","date_gmt":"2025-10-29T17:17:58","guid":{"rendered":"https:\/\/graph2print.com\/?page_id=197"},"modified":"2025-10-29T18:32:44","modified_gmt":"2025-10-29T17:32:44","slug":"marketing-digital-strategie","status":"publish","type":"page","link":"https:\/\/graph2print.com\/index.php\/nos-services\/marketing-digital-strategie\/","title":{"rendered":"Marketing digital &#038; Strat\u00e9gie"},"content":{"rendered":"\n<h2 class=\"wp-block-heading\">Boostez votre visibilit\u00e9 et d\u00e9veloppez votre activit\u00e9<\/h2>\n\n\n\n<p>Nous mettons en place des solutions marketing performantes et adapt\u00e9es \u00e0 vos objectifs, pour faire rayonner votre marque sur le web et attirer vos clients id\u00e9aux.<\/p>\n\n\n\n<h2 class=\"wp-block-heading\">Nos services marketing<\/h2>\n\n\n\n<ul>\n<li><strong>Gestion et promotion de site internet<\/strong><br>Optimisation continue et animation de votre site pour maximiser son impact.<\/li>\n\n\n\n<li><strong>SEO &amp; R\u00e9f\u00e9rencement naturel<\/strong><br>Am\u00e9liorez votre classement sur les moteurs de recherche gr\u00e2ce \u00e0 une strat\u00e9gie de r\u00e9f\u00e9rencement efficace, pour g\u00e9n\u00e9rer un trafic qualifi\u00e9 et durable.<\/li>\n\n\n\n<li><strong>R\u00e9seaux sociaux<\/strong><br>Cr\u00e9ation, gestion et animation de vos pages Facebook, Instagram, LinkedIn, et autres pour engager votre communaut\u00e9 et renforcer votre image.<\/li>\n\n\n\n<li><strong>Fiche Google My Business &amp; Campagnes Ads<\/strong><br>Optimisation de votre fiche Google pour capter des prospects locaux, et gestion de campagnes publicitaires cibl\u00e9es pour booster vos ventes rapidement.<\/li>\n<\/ul>\n\n\n\n<h2 class=\"wp-block-heading\">Pourquoi choisir notre expertise marketing ?<\/h2>\n\n\n\n<ul>\n<li>Des strat\u00e9gies sur-mesure adapt\u00e9es \u00e0 votre secteur et \u00e0 votre audience.<\/li>\n\n\n\n<li>Un suivi r\u00e9gulier pour ajuster les actions et maximiser le retour sur investissement.<\/li>\n\n\n\n<li>Des outils professionnels pour analyser les performances et garder une longueur d\u2019avance.<\/li>\n<\/ul>\n","protected":false},"excerpt":{"rendered":"<p>Boostez votre visibilit\u00e9 et d\u00e9veloppez votre activit\u00e9 Nous mettons en place des solutions marketing performantes et adapt\u00e9es \u00e0 vos objectifs, pour faire rayonner votre marque sur le web et attirer vos clients id\u00e9aux. Nos services marketing Pourquoi choisir notre expertise marketing ?<\/p>\n","protected":false},"author":1,"featured_media":0,"parent":60,"menu_order":3,"comment_status":"closed","ping_status":"closed","template":"","meta":{"footnotes":""},"_links":{"self":[{"href":"https:\/\/graph2print.com\/index.php\/wp-json\/wp\/v2\/pages\/197"}],"collection":[{"href":"https:\/\/graph2print.com\/index.php\/wp-json\/wp\/v2\/pages"}],"about":[{"href":"https:\/\/graph2print.com\/index.php\/wp-json\/wp\/v2\/types\/page"}],"author":[{"embeddable":true,"href":"https:\/\/graph2print.com\/index.php\/wp-json\/wp\/v2\/users\/1"}],"replies":[{"embeddable":true,"href":"https:\/\/graph2print.com\/index.php\/wp-json\/wp\/v2\/comments?post=197"}],"version-history":[{"count":2,"href":"https:\/\/graph2print.com\/index.php\/wp-json\/wp\/v2\/pages\/197\/revisions"}],"predecessor-version":[{"id":206,"href":"https:\/\/graph2print.com\/index.php\/wp-json\/wp\/v2\/pages\/197\/revisions\/206"}],"up":[{"embeddable":true,"href":"https:\/\/graph2print.com\/index.php\/wp-json\/wp\/v2\/pages\/60"}],"wp:attachment":[{"href":"https:\/\/graph2print.com\/index.php\/wp-json\/wp\/v2\/media?parent=197"}],"curies":[{"name":"wp","href":"https:\/\/api.w.org\/{rel}","templated":true}]}}